{"id":1029,"date":"2021-11-18T09:24:30","date_gmt":"2021-11-18T08:24:30","guid":{"rendered":"https:\/\/dev.alicantesmartdestination.com\/politica-de-privacidad\/"},"modified":"2021-11-18T09:24:35","modified_gmt":"2021-11-18T08:24:35","slug":"politica-de-privacidad","status":"publish","type":"page","link":"https:\/\/alicantesmartdestination.com\/en\/politica-de-privacidad\/","title":{"rendered":"Pol\u00edtica de privacidad"},"content":{"rendered":"\t\t<div data-elementor-type=\"wp-page\" data-elementor-id=\"1029\" class=\"elementor elementor-1029\" data-elementor-settings=\"[]\">\n\t\t\t\t\t\t\t<div class=\"elementor-section-wrap\">\n\t\t\t\t\t\t\t<section class=\"elementor-section elementor-top-section elementor-element elementor-element-c358e22 elementor-section-boxed elementor-section-height-default elementor-section-height-default\" data-id=\"c358e22\" data-element_type=\"section\" data-settings=\"{&quot;background_background&quot;:&quot;classic&quot;}\">\n\t\t\t\t\t\t<div class=\"elementor-container elementor-column-gap-default\">\n\t\t\t\t\t<div class=\"elementor-column elementor-col-100 elementor-top-column elementor-element elementor-element-8c61261\" data-id=\"8c61261\" data-element_type=\"column\">\n\t\t\t<div class=\"elementor-widget-wrap elementor-element-populated\">\n\t\t\t\t\t\t\t\t<div class=\"elementor-element elementor-element-b1f18ff elementor-widget elementor-widget-heading\" data-id=\"b1f18ff\" data-element_type=\"widget\" data-widget_type=\"heading.default\">\n\t\t\t\t<div class=\"elementor-widget-container\">\n\t\t\t<h1 class=\"elementor-heading-title elementor-size-default\">POL\u00cdTICA DE PRIVACIDAD<\/h1>\t\t<\/div>\n\t\t\t\t<\/div>\n\t\t\t\t\t<\/div>\n\t\t<\/div>\n\t\t\t\t\t\t\t<\/div>\n\t\t<\/section>\n\t\t\t\t<section class=\"elementor-section elementor-top-section elementor-element elementor-element-07657b1 elementor-section-boxed elementor-section-height-default elementor-section-height-default\" data-id=\"07657b1\" data-element_type=\"section\">\n\t\t\t\t\t\t<div class=\"elementor-container elementor-column-gap-default\">\n\t\t\t\t\t<div class=\"elementor-column elementor-col-100 elementor-top-column elementor-element elementor-element-c711cb4\" data-id=\"c711cb4\" data-element_type=\"column\">\n\t\t\t<div class=\"elementor-widget-wrap elementor-element-populated\">\n\t\t\t\t\t\t\t\t<div class=\"elementor-element elementor-element-d180af8 elementor-widget elementor-widget-text-editor\" data-id=\"d180af8\" data-element_type=\"widget\" data-widget_type=\"text-editor.default\">\n\t\t\t\t<div class=\"elementor-widget-container\">\n\t\t\t\t\t\t\t<p>Esatur XXI S.L. ha adecuado esta web a la Ley 34\/2002, de Servicios de la Sociedad de la Informaci\u00f3n y del Comercio Electr\u00f3nico (LSSICE o LSSI), el Reglamento (UE) 2016\/679 de 27 de abril de 2016 (RGPD) relativo a la protecci\u00f3n de las personas f\u00edsicas en cuanto al tratamiento de datos personales y a la libre circulaci\u00f3n de estos datos, la Ley Org\u00e1nica 15\/1999, de 13 de diciembre, de Protecci\u00f3n de Datos de Car\u00e1cter Personal (LOPD) y el Real Decreto 1720\/2007, de desarrollo desarrollo de la LOPD.<\/p>\n<p>Tu privacidad es importante para nosotros. En esta declaraci\u00f3n de privacidad te explicamos los siguientes puntos:<\/p>\n<ul>\n<li>Qui\u00e9n es el responsable del tratamiento de tus datos.<\/li>\n<li>Con qu\u00e9 finalidades recabamos los datos solicitados.<\/li>\n<li>Cu\u00e1l es la legitimaci\u00f3n para el tratamiento de estos datos.<\/li>\n<li>Durante cu\u00e1nto tiempo se conservan dichos datos.<\/li>\n<li>A qu\u00e9 destinatarios se comunican tus datos.<\/li>\n<li>Cu\u00e1les son tus derechos.<\/li>\n<\/ul>\n<p>Te animamos a leer detenidamente estos t\u00e9rminos antes de facilitar tus datos personales en esta web.<\/p>\n<p><strong>Responsable del tratamiento de tus datos personales<\/strong><\/p>\n<ul>\n<li>Identidad del Responsable: Esatur XXI, S.L.<\/li>\n<li>Nombre comercial: Esatur Servicios<\/li>\n<li>NIF\/CIF: B54162219<\/li>\n<li>Direcci\u00f3n: c\/ Arzobispo Loaces, 3 C.P. 03003 (Alicante).<\/li>\n<li>Correo electr\u00f3nico: info@esatur.com<\/li>\n<li>Actividad: prestaci\u00f3n de servicios culturales y tur\u00edsticos<\/li>\n<\/ul>\n<p style=\"padding-top: 20px;\"><strong>Finalidades, legitimaci\u00f3n y conservaci\u00f3n de los tratamientos de los datos enviados a trav\u00e9s de los diversos formularios de esta web<\/strong><\/p>\n<p><span style=\"text-decoration: underline;\">1. Formularios de contacto<\/span><\/p>\n<p>Finalidad: Facilitarte un medio para que puedas contactar con Esatur XXI S.L. y que desde Esatur XXI S.L. podamos responder a las solicitudes de informaci\u00f3n de usuarios de esta web.<\/p>\n<p>Legitimaci\u00f3n: El consentimiento del usuario al solicitar informaci\u00f3n a trav\u00e9s del formulario y marcar la casilla de aceptaci\u00f3n de esta pol\u00edtica.<\/p>\n<p>Destinatarios: Estos datos no se ceder\u00e1n a terceros salvo obligaci\u00f3n legal. Los datos estar\u00e1n ubicados en los servidores de servidores de Hosteurope (GoDaddy Iberia S.L.U.) dentro de la UE.<\/p>\n<p>Conservaci\u00f3n: Hasta que solicites la eliminaci\u00f3n de los mismos.<\/p>\n<p><span style=\"text-decoration: underline;\">2. Formulario para a\u00f1adir comentarios al blog<\/span><\/p>\n<p>Finalidad: Poder escribir comentarios a las entradas realizadas en el blog de Esatur XXI S.L.<\/p>\n<p>Legitimaci\u00f3n: El consentimiento del usuario al solicitar informaci\u00f3n a trav\u00e9s del formulario y marcar la casilla de aceptaci\u00f3n de esta pol\u00edtica.<\/p>\n<p>Destinatarios: Estos datos no se ceder\u00e1n a terceros salvo obligaci\u00f3n legal.<\/p>\n<p>Conservaci\u00f3n: Hasta que solicites la eliminaci\u00f3n de los mismos.<\/p>\n<p><span style=\"text-decoration: underline;\">3. Formulario de suscripci\u00f3n a la newsletter<\/span><\/p>\n<p>Finalidad: Notificar a los usuarios la publicaci\u00f3n de nuevos contenidos en el blog e informar sobre nuevas actividades y programas promovidos por Esatur XXI S.L. o en los que colabora.<\/p>\n<p>Legitimaci\u00f3n: El consentimiento del usuario al solicitar informaci\u00f3n a trav\u00e9s del formulario y marcar la casilla de aceptaci\u00f3n de esta pol\u00edtica.<\/p>\n<p>Destinatarios: Estos datos no se ceder\u00e1n a terceros salvo obligaci\u00f3n legal.<\/p>\n<p>Conservaci\u00f3n: Hasta que solicites la eliminaci\u00f3n de los mismos. En cada una de estos env\u00edos dispone de un enlace que te permite darte de baja de estas comunicaciones f\u00e1cilmente, retirando as\u00ed el consentimiento prestado. Cuentas adem\u00e1s con otros derechos, detallados m\u00e1s abajo en el apartado<\/p>\n<p><strong> Derechos en relaci\u00f3n con tus datos personales<\/strong><\/p>\n<p>Obligaci\u00f3n de facilitarme tus datos personales y consecuencias de no hacerlo.<\/p>\n<p>El suministro de datos personales requiere de una edad m\u00ednima de 13 a\u00f1os. En el caso de los menores de trece a\u00f1os se requiere el consentimiento de los padres o tutores para el tratamiento de sus datos personales. En ning\u00fan caso se recabar\u00e1n del menor de edad datos relativos a la situaci\u00f3n profesional, econ\u00f3mica o a la intimidad de los otros miembros de la familia, sin el consentimiento de \u00e9stos.<\/p>\n<p>Si eres menor de trece a\u00f1os y has accedido a este sitio web sin avisar a tus padres no debes registrarte como usuario.<\/p>\n<p>Los datos personales solicitados son necesarios para gestionar tus solicitudes y\/o prestarte los servicios que puedas contratar por lo que, si no me los facilitas, no podr\u00e9 atenderte correctamente ni prestarte el servicio que hayas solicitado.<\/p>\n<p><strong>Destinatarios de tus datos<\/strong><\/p>\n<p>Los datos personales que nos facilites no se ceder\u00e1n a terceros salvo obligaci\u00f3n legal o mandato judicial. No obstante, muchas herramientas que utilizamos para gestionar tus datos son contratados a terceros. Para prestar servicios estrictamente necesarios para el desarrollo de la actividad, Esatur XXI S.L. comparte datos con los siguientes prestadores bajo sus correspondientes condiciones de privacidad:<\/p>\n<p><span style=\"text-decoration: underline;\">Google Analytics<\/span>: un servicio anal\u00edtico de web prestado por Google, Inc., una compa\u00f1\u00eda de Delaware cuya oficina principal est\u00e1 en 1600 Amphitheatre Parkway, Mountain View (California), CA 94043, Estados Unidos (\u201cGoogle\u201d). Google Analytics utiliza \u201ccookies\u201d, que son archivos de texto ubicados en tu ordenador, para ayudar a Esatur XXI S.L. a analizar el uso que hacen los usuarios del sitio web. La informaci\u00f3n que genera la cookie acerca de su uso de Esatur XXI S.L. (incluyendo tu direcci\u00f3n IP) ser\u00e1 directamente transmitida y archivada por Google en los servidores de Estados Unidos.<\/p>\n<p><span style=\"text-decoration: underline;\">Hosting<\/span>: GoDaddy Iberia S.L.U., con domicilio en Espa\u00f1a, trata los datos con la finalidad de proveer de servicios de hosting a Esatur XXI S.L.. M\u00e1s Informaci\u00f3n en: Hosteurope<\/p>\n<p><span style=\"text-decoration: underline;\">Plataforma web<\/span>: WordPress.org, trata los datos con la finalidad de realizar sus servicios de plataforma web a Esatur XXI S.L. M\u00e1s informaci\u00f3n en: <a href=\"https:\/\/wordpress.org\/\">https:\/\/wordpress.org\/<\/a><\/p>\n<p><span style=\"text-decoration: underline;\">Email marketing<\/span>: Acumbamail, S.L. , con domicilio en Espa\u00f1a, trata los datos con la finalidad de realizar sus servicios de email marketing a Esatur XXI S.L.. M\u00e1s informaci\u00f3n en: <a href=\"https:\/\/acumbamail.com\">https:\/\/acumbamail.com<\/a><\/p>\n<p><span style=\"text-decoration: underline;\">Navegaci\u00f3n<\/span>: Al navegar por esta web se pueden recoger datos no identificables, que pueden incluir, direcciones IP, ubicaci\u00f3n geogr\u00e1fica (aproximada), un registro de c\u00f3mo se utilizan los servicios y sitios, y otros datos que no pueden ser utilizados para identificar al usuario.<\/p>\n<p><strong>Derechos en relaci\u00f3n con tus datos personales<\/strong><\/p>\n<p>Cualquier persona puede retirar su consentimiento en cualquier momento, cuando el mismo se haya otorgado para el tratamiento de sus datos.<\/p>\n<p>Igualmente, puedes ejercer los siguientes derechos:<\/p>\n<ul>\n<li>Solicitar el acceso a tus datos personales o su rectificaci\u00f3n cuando sean inexactos.<\/li>\n<li>Solicitar su supresi\u00f3n cuando, entre otros motivos, los datos ya no sean necesarios para los fines para los que fueron recogidos.<\/li>\n<li>Solicitar la limitaci\u00f3n de su tratamiento en determinadas circunstancias.<\/li>\n<li>Solicitar la oposici\u00f3n al tratamiento de tus datos por motivos relacionados con tu situaci\u00f3n particular.<\/li>\n<li>Solicitar la portabilidad de los datos en los casos previstos en la normativa.<\/li>\n<li>Otros derechos reconocidos en las normativas aplicables.<\/li>\n<\/ul>\n<p>Puedes ejercer estos derechos mediante correo electr\u00f3nico dirigido a <a href=\"mailto:info@esatur.com\">info@esatur.com<\/a> o mediante un escrito postal dirigido a la direcci\u00f3n indicada en el primer apartado de esta pol\u00edtica de privacidad.<\/p>\n<p><strong>Aceptaci\u00f3n y consentimiento<\/strong><\/p>\n<p>El usuario de esta web declara haber sido informado de las condiciones sobre protecci\u00f3n de datos de car\u00e1cter personal, aceptando y consintiendo el tratamiento de los mismos por parte de Esatur XXI S.L. en la forma y para las finalidades indicadas en esta pol\u00edtica de privacidad.<\/p>\n<p><strong>Seguridad de los datos personales<\/strong><\/p>\n<p>Con el objetivo de salvaguardar los datos personales suministrados, hemos adoptado todas las medidas de \u00edndole t\u00e9cnica y organizativa necesarias para para garantizar la seguridad de los mismos de su alteraci\u00f3n, p\u00e9rdida, y tratamientos o accesos no autorizados.<\/p>\n<p><strong>Actualizaci\u00f3n de los datos personales<\/strong><\/p>\n<p>Es importante que para que pueda mantener tus datos personales actualizados, nos informes siempre que haya habido alguna modificaci\u00f3n en ellos. En caso contrario Esatur XXI S.L. no podr\u00e1 responder de la veracidad de los mismos.<\/p>\n<p>Del mismo modo, Esatur XXI S.L. no se hace responsable de la pol\u00edtica de privacidad respecto a los datos personales de terceros que cualquier usuario pueda facilitar por medio de los enlaces disponibles en esta p\u00e1gina web.<\/p>\n<p><strong>Correos comerciales<\/strong><\/p>\n<p>De acuerdo con la LSSICE, Esatur XXI S.L. no realiza pr\u00e1cticas de SPAM, por lo que no env\u00eda correos comerciales por v\u00eda electr\u00f3nica que no hayan sido previamente solicitados o autorizados por el usuario. En consecuencia, en cada uno de los formularios habidos en la web, el usuario tiene la posibilidad de dar su consentimiento expreso para recibir el bolet\u00edn, con independencia de la informaci\u00f3n comercial puntualmente solicitada.<\/p>\n<p><strong>Propiedad intelectual de industrial<\/strong><\/p>\n<p>Este Sitio Web y los contenidos que alberga, incluyendo el dise\u00f1o de la p\u00e1gina web, el nombre comercial, las marcas, texto, gr\u00e1ficos, im\u00e1genes, logos, productos y servicios, iconos de bot\u00f3n, software, as\u00ed como derechos de autor, copyright, marcas registradas, nombres comerciales o signos distintivos (en adelante &#8220;el Material&#8221;) est\u00e1n protegidos por la normativa en materia de propiedad industrial e intelectual por lo que no podr\u00e1n ser objeto de explotaci\u00f3n, reproducci\u00f3n, distribuci\u00f3n, puesta a disposici\u00f3n, modificaci\u00f3n, extracci\u00f3n, reutilizaci\u00f3n, comunicaci\u00f3n p\u00fablica, cesi\u00f3n o transformaci\u00f3n, reenv\u00edo o utilizaci\u00f3n de cualquier naturaleza, por cualquier medio o procedimiento, de cualquiera de ellos, salvo en los casos en que est\u00e9 legalmente permitido o sea autorizado por el titular de los correspondientes derechos.<\/p>\n<p>Todo el Material es propiedad de Esatur XXI S.L. o de sus proveedores de contenido. La compilaci\u00f3n (es decir, la recopilaci\u00f3n, la disposici\u00f3n y el montaje) de todos los contenidos de este Sitio Web as\u00ed como el c\u00f3digo HTML que se ha creado para generar las p\u00e1ginas web de este Sitio Web son de propiedad exclusiva de Esatur XXI S.L. o de sus proveedores de contenidos, y est\u00e1n protegidos por la legislaci\u00f3n sobre propiedad industrial e intelectual. El uso no autorizado del Material puede suponer la violaci\u00f3n de la legislaci\u00f3n sobre propiedad intelectual o industrial (derechos de autor, marca registrada, etc.) y de otras leyes aplicables.<\/p>\n<p>El acceso a este Sitio Web no otorga a los Usuarios derecho, ni titularidad alguna sobre los derechos de propiedad industrial e intelectual del Material. Esatur XXI S.L. no concede ninguna licencia o autorizaci\u00f3n de uso de ninguna clase sobre sus derechos de propiedad industrial e intelectual o sobre cualquier otra propiedad o derecho relacionado con este Sitio Web, sus servicios o contenidos.<\/p>\n<p>El usuario se compromete a respetar los derechos de Propiedad Intelectual e Industrial titularidad de Esatur XXI S.L..<\/p>\n<p>Esatur XXI S.L. autoriza a los Usuarios de este Sitio Web a visualizar y descargar (bajar) en su terminal personal una \u00fanica copia temporal de los contenidos de este Sitio Web siempre que sea exclusivamente para su uso privado y sin ning\u00fan fin p\u00fablico, comercial o profesional. En todo caso, los Usuarios deber\u00e1n conservar todas las citas o advertencias sobre derechos de autor, marca registrada, marca de servicio o producto y otras relativas a los derechos de propiedad industrial o intelectual contenidas en el Material original y en cualquier copia que hagan de dicho. Todos los derechos reservados.<\/p>\n<p>Si el Usuario transfiere software de este Sitio Web a su terminal personal, no podr\u00e1 descompilarlo, u obtener el c\u00f3digo fuente o el c\u00f3digo objeto de cualquier programa de software que comprenda o constituya una parte de este Sitio Web.<\/p>\n<p>Esatur XXI S.L. se reserva el derecho de ejercitar las acciones judiciales que correspondan contra los Usuarios que violen o infrinjan sus derechos de propiedad intelectual e industrial.<\/p>\n<p><strong>Derecho de Exclusi\u00f3n<\/strong><\/p>\n<p>Esatur XXI S.L. se reserva el derecho a denegar o retirar el acceso al portal y\/o los servicios ofrecidos sin necesidad de preaviso, a instancia propia o de un tercero, a aquellos usuarios que incumplan las presentes Condiciones Generales de Uso.<\/p>\n<p><strong>Actualizaci\u00f3n de la pol\u00edtica de privacidad<\/strong><\/p>\n<p>La pol\u00edtica de privacidad de esta web puede sufrir variaciones, por ello recomendamos revisar esta pol\u00edtica si sueles utilizar esta web de manera recurrente. Esta pol\u00edtica de privacidad se actualiz\u00f3 por \u00faltima vez a fecha 17 de noviembre de 2021.<\/p>\n\t\t\t\t\t\t<\/div>\n\t\t\t\t<\/div>\n\t\t\t\t\t<\/div>\n\t\t<\/div>\n\t\t\t\t\t\t\t<\/div>\n\t\t<\/section>\n\t\t\t\t\t\t<\/div>\n\t\t\t\t\t<\/div>\n\t\t","protected":false},"excerpt":{"rendered":"<p>POL\u00cdTICA DE PRIVACIDAD Esatur XXI S.L. ha adecuado esta web a la Ley 34\/2002, de Servicios de la Sociedad de la Informaci\u00f3n y del Comercio Electr\u00f3nico (LSSICE o LSSI), el Reglamento (UE) 2016\/679 de 27 de abril de 2016 (RGPD) relativo a la protecci\u00f3n de las personas f\u00edsicas en cuanto al tratamiento de datos personales [&hellip;]<\/p>\n","protected":false},"author":1,"featured_media":974,"parent":0,"menu_order":7,"comment_status":"closed","ping_status":"closed","template":"","meta":{"footnotes":""},"class_list":["post-1029","page","type-page","status-publish","has-post-thumbnail","hentry"],"yoast_head":"<!-- This site is optimized with the Yoast SEO plugin v17.6 - https:\/\/yoast.com\/wordpress\/plugins\/seo\/ -->\n<title>Pol\u00edtica de privacidad<\/title>\n<meta name=\"description\" content=\"POL\u00cdTICA DE PRIVACIDAD Esatur XXI S.L. ha adecuado esta web a la Ley 34\/2002, de Servicios de la Sociedad de la Informaci\u00f3n y del Comercio Electr\u00f3nico\" \/>\n<meta name=\"robots\" content=\"index, follow, max-snippet:-1, max-image-preview:large, max-video-preview:-1\" \/>\n<link rel=\"canonical\" href=\"https:\/\/alicantesmartdestination.com\/en\/politica-de-privacidad\/\" \/>\n<meta property=\"og:locale\" content=\"en_US\" \/>\n<meta property=\"og:type\" content=\"article\" \/>\n<meta property=\"og:title\" content=\"Pol\u00edtica de privacidad\" \/>\n<meta property=\"og:description\" content=\"POL\u00cdTICA DE PRIVACIDAD Esatur XXI S.L. ha adecuado esta web a la Ley 34\/2002, de Servicios de la Sociedad de la Informaci\u00f3n y del Comercio Electr\u00f3nico\" \/>\n<meta property=\"og:url\" content=\"https:\/\/alicantesmartdestination.com\/en\/politica-de-privacidad\/\" \/>\n<meta property=\"og:site_name\" content=\"Alicante Smart Destination\" \/>\n<meta property=\"article:modified_time\" content=\"2021-11-18T08:24:35+00:00\" \/>\n<meta property=\"og:image\" content=\"https:\/\/alicantesmartdestination.com\/wp-content\/uploads\/alicante-gourmet-walking-tour-experiencia.jpg\" \/>\n\t<meta property=\"og:image:width\" content=\"600\" \/>\n\t<meta property=\"og:image:height\" content=\"400\" \/>\n<meta name=\"twitter:card\" content=\"summary_large_image\" \/>\n<meta name=\"twitter:label1\" content=\"Est. reading time\" \/>\n\t<meta name=\"twitter:data1\" content=\"10 minutes\" \/>\n<script type=\"application\/ld+json\" class=\"yoast-schema-graph\">{\"@context\":\"https:\/\/schema.org\",\"@graph\":[{\"@type\":\"WebSite\",\"@id\":\"https:\/\/alicantesmartdestination.com\/#website\",\"url\":\"https:\/\/alicantesmartdestination.com\/\",\"name\":\"Alicante Smart Destination\",\"description\":\"Experiencias, rutas tur\\u00edsticas y gastronom\\u00eda en Alicante\",\"potentialAction\":[{\"@type\":\"SearchAction\",\"target\":{\"@type\":\"EntryPoint\",\"urlTemplate\":\"https:\/\/alicantesmartdestination.com\/?s={search_term_string}\"},\"query-input\":\"required name=search_term_string\"}],\"inLanguage\":\"en-US\"},{\"@type\":\"ImageObject\",\"@id\":\"https:\/\/alicantesmartdestination.com\/en\/politica-de-privacidad\/#primaryimage\",\"inLanguage\":\"en-US\",\"url\":\"https:\/\/alicantesmartdestination.com\/wp-content\/uploads\/alicante-gourmet-walking-tour-experiencia.jpg\",\"contentUrl\":\"https:\/\/alicantesmartdestination.com\/wp-content\/uploads\/alicante-gourmet-walking-tour-experiencia.jpg\",\"width\":600,\"height\":400},{\"@type\":\"WebPage\",\"@id\":\"https:\/\/alicantesmartdestination.com\/en\/politica-de-privacidad\/#webpage\",\"url\":\"https:\/\/alicantesmartdestination.com\/en\/politica-de-privacidad\/\",\"name\":\"Pol\\u00edtica de privacidad\",\"isPartOf\":{\"@id\":\"https:\/\/alicantesmartdestination.com\/#website\"},\"primaryImageOfPage\":{\"@id\":\"https:\/\/alicantesmartdestination.com\/en\/politica-de-privacidad\/#primaryimage\"},\"datePublished\":\"2021-11-18T08:24:30+00:00\",\"dateModified\":\"2021-11-18T08:24:35+00:00\",\"description\":\"POL\\u00cdTICA DE PRIVACIDAD Esatur XXI S.L. ha adecuado esta web a la Ley 34\/2002, de Servicios de la Sociedad de la Informaci\\u00f3n y del Comercio Electr\\u00f3nico\",\"breadcrumb\":{\"@id\":\"https:\/\/alicantesmartdestination.com\/en\/politica-de-privacidad\/#breadcrumb\"},\"inLanguage\":\"en-US\",\"potentialAction\":[{\"@type\":\"ReadAction\",\"target\":[\"https:\/\/alicantesmartdestination.com\/en\/politica-de-privacidad\/\"]}]},{\"@type\":\"BreadcrumbList\",\"@id\":\"https:\/\/alicantesmartdestination.com\/en\/politica-de-privacidad\/#breadcrumb\",\"itemListElement\":[{\"@type\":\"ListItem\",\"position\":1,\"name\":\"Portada\",\"item\":\"https:\/\/alicantesmartdestination.com\/en\/\"},{\"@type\":\"ListItem\",\"position\":2,\"name\":\"Pol\\u00edtica de privacidad\"}]}]}<\/script>\n<!-- \/ Yoast SEO plugin. -->","yoast_head_json":{"title":"Pol\u00edtica de privacidad","description":"POL\u00cdTICA DE PRIVACIDAD Esatur XXI S.L. ha adecuado esta web a la Ley 34\/2002, de Servicios de la Sociedad de la Informaci\u00f3n y del Comercio Electr\u00f3nico","robots":{"index":"index","follow":"follow","max-snippet":"max-snippet:-1","max-image-preview":"max-image-preview:large","max-video-preview":"max-video-preview:-1"},"canonical":"https:\/\/alicantesmartdestination.com\/en\/politica-de-privacidad\/","og_locale":"en_US","og_type":"article","og_title":"Pol\u00edtica de privacidad","og_description":"POL\u00cdTICA DE PRIVACIDAD Esatur XXI S.L. ha adecuado esta web a la Ley 34\/2002, de Servicios de la Sociedad de la Informaci\u00f3n y del Comercio Electr\u00f3nico","og_url":"https:\/\/alicantesmartdestination.com\/en\/politica-de-privacidad\/","og_site_name":"Alicante Smart Destination","article_modified_time":"2021-11-18T08:24:35+00:00","og_image":[{"width":600,"height":400,"url":"https:\/\/alicantesmartdestination.com\/wp-content\/uploads\/alicante-gourmet-walking-tour-experiencia.jpg","type":"image\/jpeg"}],"twitter_card":"summary_large_image","twitter_misc":{"Est. reading time":"10 minutes"},"schema":{"@context":"https:\/\/schema.org","@graph":[{"@type":"WebSite","@id":"https:\/\/alicantesmartdestination.com\/#website","url":"https:\/\/alicantesmartdestination.com\/","name":"Alicante Smart Destination","description":"Experiencias, rutas tur\u00edsticas y gastronom\u00eda en Alicante","potentialAction":[{"@type":"SearchAction","target":{"@type":"EntryPoint","urlTemplate":"https:\/\/alicantesmartdestination.com\/?s={search_term_string}"},"query-input":"required name=search_term_string"}],"inLanguage":"en-US"},{"@type":"ImageObject","@id":"https:\/\/alicantesmartdestination.com\/en\/politica-de-privacidad\/#primaryimage","inLanguage":"en-US","url":"https:\/\/alicantesmartdestination.com\/wp-content\/uploads\/alicante-gourmet-walking-tour-experiencia.jpg","contentUrl":"https:\/\/alicantesmartdestination.com\/wp-content\/uploads\/alicante-gourmet-walking-tour-experiencia.jpg","width":600,"height":400},{"@type":"WebPage","@id":"https:\/\/alicantesmartdestination.com\/en\/politica-de-privacidad\/#webpage","url":"https:\/\/alicantesmartdestination.com\/en\/politica-de-privacidad\/","name":"Pol\u00edtica de privacidad","isPartOf":{"@id":"https:\/\/alicantesmartdestination.com\/#website"},"primaryImageOfPage":{"@id":"https:\/\/alicantesmartdestination.com\/en\/politica-de-privacidad\/#primaryimage"},"datePublished":"2021-11-18T08:24:30+00:00","dateModified":"2021-11-18T08:24:35+00:00","description":"POL\u00cdTICA DE PRIVACIDAD Esatur XXI S.L. ha adecuado esta web a la Ley 34\/2002, de Servicios de la Sociedad de la Informaci\u00f3n y del Comercio Electr\u00f3nico","breadcrumb":{"@id":"https:\/\/alicantesmartdestination.com\/en\/politica-de-privacidad\/#breadcrumb"},"inLanguage":"en-US","potentialAction":[{"@type":"ReadAction","target":["https:\/\/alicantesmartdestination.com\/en\/politica-de-privacidad\/"]}]},{"@type":"BreadcrumbList","@id":"https:\/\/alicantesmartdestination.com\/en\/politica-de-privacidad\/#breadcrumb","itemListElement":[{"@type":"ListItem","position":1,"name":"Portada","item":"https:\/\/alicantesmartdestination.com\/en\/"},{"@type":"ListItem","position":2,"name":"Pol\u00edtica de privacidad"}]}]}},"_links":{"self":[{"href":"https:\/\/alicantesmartdestination.com\/en\/wp-json\/wp\/v2\/pages\/1029","targetHints":{"allow":["GET"]}}],"collection":[{"href":"https:\/\/alicantesmartdestination.com\/en\/wp-json\/wp\/v2\/pages"}],"about":[{"href":"https:\/\/alicantesmartdestination.com\/en\/wp-json\/wp\/v2\/types\/page"}],"author":[{"embeddable":true,"href":"https:\/\/alicantesmartdestination.com\/en\/wp-json\/wp\/v2\/users\/1"}],"replies":[{"embeddable":true,"href":"https:\/\/alicantesmartdestination.com\/en\/wp-json\/wp\/v2\/comments?post=1029"}],"version-history":[{"count":3,"href":"https:\/\/alicantesmartdestination.com\/en\/wp-json\/wp\/v2\/pages\/1029\/revisions"}],"predecessor-version":[{"id":1032,"href":"https:\/\/alicantesmartdestination.com\/en\/wp-json\/wp\/v2\/pages\/1029\/revisions\/1032"}],"wp:featuredmedia":[{"embeddable":true,"href":"https:\/\/alicantesmartdestination.com\/en\/wp-json\/wp\/v2\/media\/974"}],"wp:attachment":[{"href":"https:\/\/alicantesmartdestination.com\/en\/wp-json\/wp\/v2\/media?parent=1029"}],"curies":[{"name":"wp","href":"https:\/\/api.w.org\/{rel}","templated":true}]}}